{"id":5904,"date":"2025-11-19T04:12:29","date_gmt":"2025-11-19T04:12:29","guid":{"rendered":"https:\/\/urbanizadoracbm.com\/?page_id=5904"},"modified":"2025-12-15T04:51:36","modified_gmt":"2025-12-15T04:51:36","slug":"proyectos","status":"publish","type":"page","link":"https:\/\/urbanizadoracbm.com\/index.php\/proyectos\/","title":{"rendered":"Proyectos"},"content":{"rendered":"\t\t<div data-elementor-type=\"wp-page\" data-elementor-id=\"5904\" class=\"elementor elementor-5904\">\n\t\t\t\t\t\t<section class=\"elementor-section elementor-top-section elementor-element elementor-element-1ae4129 elementor-section-full_width elementor-section-height-default elementor-section-height-default\" data-id=\"1ae4129\" data-element_type=\"section\" data-e-type=\"section\">\n\t\t\t\t\t\t<div class=\"elementor-container elementor-column-gap-no\">\n\t\t\t\t\t<div class=\"elementor-column elementor-col-100 elementor-top-column elementor-element elementor-element-ef5561a\" data-id=\"ef5561a\" data-element_type=\"column\" data-e-type=\"column\">\n\t\t\t<div class=\"elementor-widget-wrap elementor-element-populated\">\n\t\t\t\t\t\t<div class=\"elementor-element elementor-element-efe7ef8 elementor-widget elementor-widget-spacer\" data-id=\"efe7ef8\" data-element_type=\"widget\" data-e-type=\"widget\" data-widget_type=\"spacer.default\">\n\t\t\t\t\t\t\t<div class=\"elementor-spacer\">\n\t\t\t<div class=\"elementor-spacer-inner\"><\/div>\n\t\t<\/div>\n\t\t\t\t\t\t<\/div>\n\t\t\t\t<div class=\"elementor-element elementor-element-7b77776 align-center heading-default elementor-widget elementor-widget-mae-headings\" data-id=\"7b77776\" data-element_type=\"widget\" data-e-type=\"widget\" data-widget_type=\"mae-headings.default\">\n\t\t\t\t<div class=\"elementor-widget-container\">\n\t\t\t\t\t\t\t<div class=\"master-heading sep-none\">\n\t\t\t\t\t\t\t        \n\t        \n\t        \t        <h2 class=\"main-heading\">Empresa constructora 100% mexicana con m\u00e1s de 10\na\u00f1os de experiencia<span class=\"accent-color\">.<\/span><\/h2>\n\t        \n\t        \n\t        \t    <\/div>\n\t    \t\t\t\t<\/div>\n\t\t\t\t<\/div>\n\t\t\t\t<div class=\"elementor-element elementor-element-5615bf8 elementor-widget elementor-widget-image\" data-id=\"5615bf8\" data-element_type=\"widget\" data-e-type=\"widget\" data-widget_type=\"image.default\">\n\t\t\t\t\t\t\t\t\t\t\t\t\t\t\t<img decoding=\"async\" src=\"https:\/\/urbanizadoracbm.com\/wp-content\/uploads\/2025\/11\/logogde-600x238.jpg\" title=\"logogde\" alt=\"logogde\" loading=\"lazy\" \/>\t\t\t\t\t\t\t\t\t\t\t\t\t\t\t<\/div>\n\t\t\t\t<div class=\"elementor-element elementor-element-7a21ece elementor-widget elementor-widget-spacer\" data-id=\"7a21ece\" data-element_type=\"widget\" data-e-type=\"widget\" data-widget_type=\"spacer.default\">\n\t\t\t\t\t\t\t<div class=\"elementor-spacer\">\n\t\t\t<div class=\"elementor-spacer-inner\"><\/div>\n\t\t<\/div>\n\t\t\t\t\t\t<\/div>\n\t\t\t\t\t<\/div>\n\t\t<\/div>\n\t\t\t\t\t<\/div>\n\t\t<\/section>\n\t\t\t\t<section class=\"elementor-section elementor-top-section elementor-element elementor-element-4cc0590 elementor-section-boxed elementor-section-height-default elementor-section-height-default\" data-id=\"4cc0590\" data-element_type=\"section\" data-e-type=\"section\">\n\t\t\t\t\t\t<div class=\"elementor-container elementor-column-gap-default\">\n\t\t\t\t\t<div class=\"elementor-column elementor-col-100 elementor-top-column elementor-element elementor-element-87b8a3e\" data-id=\"87b8a3e\" data-element_type=\"column\" data-e-type=\"column\" data-settings=\"{&quot;background_background&quot;:&quot;classic&quot;}\">\n\t\t\t<div class=\"elementor-widget-wrap elementor-element-populated\">\n\t\t\t\t\t\t<div class=\"elementor-element elementor-element-b0b770f elementor-widget elementor-widget-spacer\" data-id=\"b0b770f\" data-element_type=\"widget\" data-e-type=\"widget\" data-widget_type=\"spacer.default\">\n\t\t\t\t\t\t\t<div class=\"elementor-spacer\">\n\t\t\t<div class=\"elementor-spacer-inner\"><\/div>\n\t\t<\/div>\n\t\t\t\t\t\t<\/div>\n\t\t\t\t<section class=\"elementor-section elementor-inner-section elementor-element elementor-element-f3e3fb8 elementor-section-boxed elementor-section-height-default elementor-section-height-default\" data-id=\"f3e3fb8\" data-element_type=\"section\" data-e-type=\"section\">\n\t\t\t\t\t\t<div class=\"elementor-container elementor-column-gap-default\">\n\t\t\t\t\t<div class=\"elementor-column elementor-col-100 elementor-inner-column elementor-element elementor-element-ca5bf31\" data-id=\"ca5bf31\" data-element_type=\"column\" data-e-type=\"column\">\n\t\t\t<div class=\"elementor-widget-wrap elementor-element-populated\">\n\t\t\t\t\t\t<div class=\"elementor-element elementor-element-ffdb5d8 elementor-widget__width-initial elementor-widget elementor-widget-heading\" data-id=\"ffdb5d8\" data-element_type=\"widget\" data-e-type=\"widget\" data-widget_type=\"heading.default\">\n\t\t\t\t\t<h2 class=\"elementor-heading-title elementor-size-default\">Obra Pluvial y Sanitaria Hotel Hayatt Cabo del Sol<span class=\"accent-color\">.<\/span><\/h2>\t\t\t\t<\/div>\n\t\t\t\t<div class=\"elementor-element elementor-element-f2da578 elementor-widget-divider--view-line elementor-widget elementor-widget-divider\" data-id=\"f2da578\" data-element_type=\"widget\" data-e-type=\"widget\" data-widget_type=\"divider.default\">\n\t\t\t\t\t\t\t<div class=\"elementor-divider\">\n\t\t\t<span class=\"elementor-divider-separator\">\n\t\t\t\t\t\t<\/span>\n\t\t<\/div>\n\t\t\t\t\t\t<\/div>\n\t\t\t\t<div class=\"elementor-element elementor-element-e99683c project-style-2 flexible-true arrows-true arrow-position-bottom custom-arrow offset2 is-slide elementor-widget elementor-widget-mae-project-carousel\" data-id=\"e99683c\" data-element_type=\"widget\" data-e-type=\"widget\" data-widget_type=\"mae-project-carousel.default\">\n\t\t\t\t<div class=\"elementor-widget-container\">\n\t\t\t\t\t        \r\n        \r\n        <div class=\"master-carousel-box\" data-config='{\"arrowPosition\":\"bottom\",\"arrowMiddleOffset\":null,\"arrowTopOffset\":null,\"autoPlay\":true,\"prevNextButtons\":true,\"pageDots\":false,\"stretch\":\"stretch-both\",\"activeIndex\":\"\",\"initialIndex\":1,\"flexible\":true}'>\r\n                            \r\n                    <div class=\"master-project item-carousel  engineering\">\r\n                        <a class=\"thumb\" href=\"https:\/\/urbanizadoracbm.com\/index.php\/project\/julia-fauvelle\/\" aria-label=\"\"><span class=\"inner\"><img fetchpriority=\"high\" decoding=\"async\" src=\"https:\/\/urbanizadoracbm.com\/wp-content\/uploads\/2025\/11\/proyecto01.jpg\" alt=\"\" width=\"929\" height=\"863\"\/><\/span><\/a><div class=\"content-wrap\"><h3 class=\"headline-2\"><a href=\"https:\/\/urbanizadoracbm.com\/index.php\/project\/julia-fauvelle\/\"><\/a><\/h3>        <a aria-label=\"button\" class=\"arrow\" href=\"https:\/\/urbanizadoracbm.com\/index.php\/project\/julia-fauvelle\/\">\r\n            <i aria-hidden=\"true\" class=\"ci-right-arrow2\"><\/i>        <\/a>\r\n        <\/div>        <a aria-label=\"button\" class=\"arrow\" href=\"https:\/\/urbanizadoracbm.com\/index.php\/project\/julia-fauvelle\/\">\r\n            <i aria-hidden=\"true\" class=\"ci-right-arrow2\"><\/i>        <\/a>\r\n        \r\n                    <\/div>\r\n                \r\n                    <div class=\"master-project item-carousel  engineering\">\r\n                        <a class=\"thumb\" href=\"https:\/\/urbanizadoracbm.com\/index.php\/project\/fondation-tiles\/\" aria-label=\"\"><span class=\"inner\"><img decoding=\"async\" src=\"https:\/\/urbanizadoracbm.com\/wp-content\/uploads\/2025\/11\/proyecto02.jpg\" alt=\"\" width=\"921\" height=\"863\"\/><\/span><\/a><div class=\"content-wrap\"><h3 class=\"headline-2\"><a href=\"https:\/\/urbanizadoracbm.com\/index.php\/project\/fondation-tiles\/\"><\/a><\/h3>        <a aria-label=\"button\" class=\"arrow\" href=\"https:\/\/urbanizadoracbm.com\/index.php\/project\/fondation-tiles\/\">\r\n            <i aria-hidden=\"true\" class=\"ci-right-arrow2\"><\/i>        <\/a>\r\n        <\/div>        <a aria-label=\"button\" class=\"arrow\" href=\"https:\/\/urbanizadoracbm.com\/index.php\/project\/fondation-tiles\/\">\r\n            <i aria-hidden=\"true\" class=\"ci-right-arrow2\"><\/i>        <\/a>\r\n        \r\n                    <\/div>\r\n                \r\n                    <div class=\"master-project item-carousel  architecture-featured\">\r\n                        <a class=\"thumb\" href=\"https:\/\/urbanizadoracbm.com\/index.php\/project\/commercial-building\/\" aria-label=\"\"><span class=\"inner\"><img decoding=\"async\" src=\"https:\/\/urbanizadoracbm.com\/wp-content\/uploads\/2025\/11\/proyecto03.jpg\" alt=\"\" width=\"985\" height=\"853\"\/><\/span><\/a><div class=\"content-wrap\"><h3 class=\"headline-2\"><a href=\"https:\/\/urbanizadoracbm.com\/index.php\/project\/commercial-building\/\"><\/a><\/h3>        <a aria-label=\"button\" class=\"arrow\" href=\"https:\/\/urbanizadoracbm.com\/index.php\/project\/commercial-building\/\">\r\n            <i aria-hidden=\"true\" class=\"ci-right-arrow2\"><\/i>        <\/a>\r\n        <\/div>        <a aria-label=\"button\" class=\"arrow\" href=\"https:\/\/urbanizadoracbm.com\/index.php\/project\/commercial-building\/\">\r\n            <i aria-hidden=\"true\" class=\"ci-right-arrow2\"><\/i>        <\/a>\r\n        \r\n                    <\/div>\r\n                \r\n                    <div class=\"master-project item-carousel  architecture-featured\">\r\n                        <a class=\"thumb\" href=\"https:\/\/urbanizadoracbm.com\/index.php\/project\/compact-house\/\" aria-label=\"\"><span class=\"inner\"><img loading=\"lazy\" decoding=\"async\" src=\"https:\/\/urbanizadoracbm.com\/wp-content\/uploads\/2025\/11\/proyecto04.jpg\" alt=\"\" width=\"930\" height=\"848\"\/><\/span><\/a><div class=\"content-wrap\"><h3 class=\"headline-2\"><a href=\"https:\/\/urbanizadoracbm.com\/index.php\/project\/compact-house\/\"><\/a><\/h3>        <a aria-label=\"button\" class=\"arrow\" href=\"https:\/\/urbanizadoracbm.com\/index.php\/project\/compact-house\/\">\r\n            <i aria-hidden=\"true\" class=\"ci-right-arrow2\"><\/i>        <\/a>\r\n        <\/div>        <a aria-label=\"button\" class=\"arrow\" href=\"https:\/\/urbanizadoracbm.com\/index.php\/project\/compact-house\/\">\r\n            <i aria-hidden=\"true\" class=\"ci-right-arrow2\"><\/i>        <\/a>\r\n        \r\n                    <\/div>\r\n                \r\n                    <div class=\"master-project item-carousel  architecture-featured\">\r\n                        <a class=\"thumb\" href=\"https:\/\/urbanizadoracbm.com\/index.php\/project\/riverside-residence\/\" aria-label=\"\"><span class=\"inner\"><img loading=\"lazy\" decoding=\"async\" src=\"https:\/\/urbanizadoracbm.com\/wp-content\/uploads\/2025\/11\/proyecto05.jpg\" alt=\"\" width=\"922\" height=\"849\"\/><\/span><\/a><div class=\"content-wrap\"><h3 class=\"headline-2\"><a href=\"https:\/\/urbanizadoracbm.com\/index.php\/project\/riverside-residence\/\"><\/a><\/h3>        <a aria-label=\"button\" class=\"arrow\" href=\"https:\/\/urbanizadoracbm.com\/index.php\/project\/riverside-residence\/\">\r\n            <i aria-hidden=\"true\" class=\"ci-right-arrow2\"><\/i>        <\/a>\r\n        <\/div>        <a aria-label=\"button\" class=\"arrow\" href=\"https:\/\/urbanizadoracbm.com\/index.php\/project\/riverside-residence\/\">\r\n            <i aria-hidden=\"true\" class=\"ci-right-arrow2\"><\/i>        <\/a>\r\n        \r\n                    <\/div>\r\n                \r\n                    <div class=\"master-project item-carousel  engineering\">\r\n                        <a class=\"thumb\" href=\"https:\/\/urbanizadoracbm.com\/index.php\/project\/dream-house\/\" aria-label=\"\"><span class=\"inner\"><img loading=\"lazy\" decoding=\"async\" src=\"https:\/\/urbanizadoracbm.com\/wp-content\/uploads\/2025\/11\/proyecto06.jpg\" alt=\"\" width=\"985\" height=\"837\"\/><\/span><\/a><div class=\"content-wrap\"><h3 class=\"headline-2\"><a href=\"https:\/\/urbanizadoracbm.com\/index.php\/project\/dream-house\/\"><\/a><\/h3>        <a aria-label=\"button\" class=\"arrow\" href=\"https:\/\/urbanizadoracbm.com\/index.php\/project\/dream-house\/\">\r\n            <i aria-hidden=\"true\" class=\"ci-right-arrow2\"><\/i>        <\/a>\r\n        <\/div>        <a aria-label=\"button\" class=\"arrow\" href=\"https:\/\/urbanizadoracbm.com\/index.php\/project\/dream-house\/\">\r\n            <i aria-hidden=\"true\" class=\"ci-right-arrow2\"><\/i>        <\/a>\r\n        \r\n                    <\/div>\r\n                        <\/div>\r\n    \t\t\t\t<\/div>\n\t\t\t\t<\/div>\n\t\t\t\t\t<\/div>\n\t\t<\/div>\n\t\t\t\t\t<\/div>\n\t\t<\/section>\n\t\t\t\t<div class=\"elementor-element elementor-element-f43393d elementor-widget elementor-widget-spacer\" data-id=\"f43393d\" data-element_type=\"widget\" data-e-type=\"widget\" data-widget_type=\"spacer.default\">\n\t\t\t\t\t\t\t<div class=\"elementor-spacer\">\n\t\t\t<div class=\"elementor-spacer-inner\"><\/div>\n\t\t<\/div>\n\t\t\t\t\t\t<\/div>\n\t\t\t\t<div class=\"elementor-element elementor-element-ef2157e align-center elementor-widget elementor-widget-mae-button\" data-id=\"ef2157e\" data-element_type=\"widget\" data-e-type=\"widget\" data-widget_type=\"mae-button.default\">\n\t\t\t\t<div class=\"elementor-widget-container\">\n\t\t\t\t\t\n        \n        <a class=\"master-button btn-accent icon-right medium btn-hover-2\" href=\"https:\/\/urbanizadoracbm.com\/index.php\/contacto\/\">\n\n            <span class=\"inner\">\n                <span class=\"content-base\">\n                                        <span class=\"text\">Cont\u00e1ctanos<\/span>\n                    <span class=\"icon ci ci-arrow-pointing-to-right\"><\/span>                <\/span>\n\n                <span class=\"content-hover\">\n                                        <span class=\"text\">Cont\u00e1ctanos<\/span>\n                    <span class=\"icon ci ci-arrow-pointing-to-right\"><\/span>                <\/span>\n            <\/span>\n\n            <span class=\"bg-hover\"><\/span>        <\/a>\n\n        \t\t\t\t<\/div>\n\t\t\t\t<\/div>\n\t\t\t\t<div class=\"elementor-element elementor-element-06a6023 elementor-widget elementor-widget-spacer\" data-id=\"06a6023\" data-element_type=\"widget\" data-e-type=\"widget\" data-widget_type=\"spacer.default\">\n\t\t\t\t\t\t\t<div class=\"elementor-spacer\">\n\t\t\t<div class=\"elementor-spacer-inner\"><\/div>\n\t\t<\/div>\n\t\t\t\t\t\t<\/div>\n\t\t\t\t\t<\/div>\n\t\t<\/div>\n\t\t\t\t\t<\/div>\n\t\t<\/section>\n\t\t\t\t<\/div>\n\t\t","protected":false},"excerpt":{"rendered":"<p>Empresa constructora 100% mexicana con m\u00e1s de 10 a\u00f1os de experiencia. Obra Pluvial y Sanitaria Hotel Hayatt Cabo del Sol. Cont\u00e1ctanos Cont\u00e1ctanos<\/p>\n","protected":false},"author":1,"featured_media":0,"parent":0,"menu_order":0,"comment_status":"closed","ping_status":"closed","template":"","meta":{"inline_featured_image":false,"_monsterinsights_skip_tracking":false,"_monsterinsights_sitenote_active":false,"_monsterinsights_sitenote_note":"","_monsterinsights_sitenote_category":0,"footnotes":""},"class_list":["post-5904","page","type-page","status-publish","hentry"],"aioseo_notices":[],"_links":{"self":[{"href":"https:\/\/urbanizadoracbm.com\/index.php\/wp-json\/wp\/v2\/pages\/5904","targetHints":{"allow":["GET"]}}],"collection":[{"href":"https:\/\/urbanizadoracbm.com\/index.php\/wp-json\/wp\/v2\/pages"}],"about":[{"href":"https:\/\/urbanizadoracbm.com\/index.php\/wp-json\/wp\/v2\/types\/page"}],"author":[{"embeddable":true,"href":"https:\/\/urbanizadoracbm.com\/index.php\/wp-json\/wp\/v2\/users\/1"}],"replies":[{"embeddable":true,"href":"https:\/\/urbanizadoracbm.com\/index.php\/wp-json\/wp\/v2\/comments?post=5904"}],"version-history":[{"count":32,"href":"https:\/\/urbanizadoracbm.com\/index.php\/wp-json\/wp\/v2\/pages\/5904\/revisions"}],"predecessor-version":[{"id":6275,"href":"https:\/\/urbanizadoracbm.com\/index.php\/wp-json\/wp\/v2\/pages\/5904\/revisions\/6275"}],"wp:attachment":[{"href":"https:\/\/urbanizadoracbm.com\/index.php\/wp-json\/wp\/v2\/media?parent=5904"}],"curies":[{"name":"wp","href":"https:\/\/api.w.org\/{rel}","templated":true}]}}